{"id":825,"date":"2025-04-25T15:09:55","date_gmt":"2025-04-25T13:09:55","guid":{"rendered":"https:\/\/agent-immobilier.re\/boutique\/?post_type=product&#038;p=825"},"modified":"2026-04-10T13:42:46","modified_gmt":"2026-04-10T11:42:46","slug":"bache-vinyle-2-x-1-m","status":"publish","type":"product","link":"https:\/\/agent-immobilier.re\/boutique\/produit\/bache-vinyle-2-x-1-m\/","title":{"rendered":"B\u00e2che vinyle 2 x 1 m"},"content":{"rendered":"","protected":false},"excerpt":{"rendered":"<p><strong><span style=\"color: #c00000;\">B\u00e2che 2 m\u00a0 x 1 m\u00a0<\/span><\/strong><\/p>\n<ul>\n<li>Caract\u00e9ristiques : Vinyle PVC, \u0152illets en m\u00e9tal.<\/li>\n<li>D\u00e9lais de livraison \u00e0 domicile pour la France m\u00e9tropolitaine : <span style=\"color: #c00000;\"><strong>1 semaine environ <\/strong><\/span><strong>(frais de livraison inclus)<\/strong><\/li>\n<\/ul>\n<ul>\n<li>Ajoutez votre <strong><span style=\"color: #c00000;\">Adresse de livraison et de facturation <\/span><\/strong>lors du paiement <strong>(pour la commande et le paiement, deux fois donc)<\/strong><\/li>\n<\/ul>\n","protected":false},"featured_media":838,"template":"","meta":[],"product_brand":[],"product_cat":[42],"product_tag":[],"class_list":{"0":"post-825","1":"product","2":"type-product","3":"status-publish","4":"has-post-thumbnail","6":"product_cat-panneaux-et-baches-vistaprint-fr","8":"first","9":"instock","10":"virtual","11":"purchasable","12":"product-type-simple"},"_links":{"self":[{"href":"https:\/\/agent-immobilier.re\/boutique\/wp-json\/wp\/v2\/product\/825","targetHints":{"allow":["GET"]}}],"collection":[{"href":"https:\/\/agent-immobilier.re\/boutique\/wp-json\/wp\/v2\/product"}],"about":[{"href":"https:\/\/agent-immobilier.re\/boutique\/wp-json\/wp\/v2\/types\/product"}],"wp:featuredmedia":[{"embeddable":true,"href":"https:\/\/agent-immobilier.re\/boutique\/wp-json\/wp\/v2\/media\/838"}],"wp:attachment":[{"href":"https:\/\/agent-immobilier.re\/boutique\/wp-json\/wp\/v2\/media?parent=825"}],"wp:term":[{"taxonomy":"product_brand","embeddable":true,"href":"https:\/\/agent-immobilier.re\/boutique\/wp-json\/wp\/v2\/product_brand?post=825"},{"taxonomy":"product_cat","embeddable":true,"href":"https:\/\/agent-immobilier.re\/boutique\/wp-json\/wp\/v2\/product_cat?post=825"},{"taxonomy":"product_tag","embeddable":true,"href":"https:\/\/agent-immobilier.re\/boutique\/wp-json\/wp\/v2\/product_tag?post=825"}],"curies":[{"name":"wp","href":"https:\/\/api.w.org\/{rel}","templated":true}]}}