{"id":783,"date":"2025-04-09T13:17:51","date_gmt":"2025-04-09T11:17:51","guid":{"rendered":"https:\/\/agent-immobilier.re\/boutique\/?post_type=product&#038;p=783"},"modified":"2026-04-10T13:39:32","modified_gmt":"2026-04-10T11:39:32","slug":"panneau-a3-aluminium","status":"publish","type":"product","link":"https:\/\/agent-immobilier.re\/boutique\/produit\/panneau-a3-aluminium\/","title":{"rendered":"Panneau A3 Aluminium"},"content":{"rendered":"","protected":false},"excerpt":{"rendered":"<p><strong><span style=\"color: #c00000;\">Panneau A3 Aluminium recto<\/span><\/strong><\/p>\n<ul>\n<li>Caract\u00e9ristiques : Aluminium 3 mm, R\u00e9sistant aux intemp\u00e9ries et \u00e0 la d\u00e9coloration, Trous pr\u00e9-perc\u00e9s<\/li>\n<li>D\u00e9lais de livraison \u00e0 domicile pour la France m\u00e9tropolitaine : <span style=\"color: #c00000;\"><strong>1 semaine environ <\/strong><\/span><strong>(frais de livraison inclus)<\/strong><\/li>\n<\/ul>\n<ul>\n<li>Ajoutez votre <strong><span style=\"color: #c00000;\">Adresse de livraison et de facturation <\/span><\/strong>lors du paiement <strong>(pour la commande et le paiement, deux fois donc)<\/strong><\/li>\n<\/ul>\n","protected":false},"featured_media":835,"template":"","meta":[],"product_brand":[],"product_cat":[42],"product_tag":[],"class_list":{"0":"post-783","1":"product","2":"type-product","3":"status-publish","4":"has-post-thumbnail","6":"product_cat-panneaux-et-baches-vistaprint-fr","8":"first","9":"instock","10":"shipping-taxable","11":"purchasable","12":"product-type-simple"},"_links":{"self":[{"href":"https:\/\/agent-immobilier.re\/boutique\/wp-json\/wp\/v2\/product\/783","targetHints":{"allow":["GET"]}}],"collection":[{"href":"https:\/\/agent-immobilier.re\/boutique\/wp-json\/wp\/v2\/product"}],"about":[{"href":"https:\/\/agent-immobilier.re\/boutique\/wp-json\/wp\/v2\/types\/product"}],"wp:featuredmedia":[{"embeddable":true,"href":"https:\/\/agent-immobilier.re\/boutique\/wp-json\/wp\/v2\/media\/835"}],"wp:attachment":[{"href":"https:\/\/agent-immobilier.re\/boutique\/wp-json\/wp\/v2\/media?parent=783"}],"wp:term":[{"taxonomy":"product_brand","embeddable":true,"href":"https:\/\/agent-immobilier.re\/boutique\/wp-json\/wp\/v2\/product_brand?post=783"},{"taxonomy":"product_cat","embeddable":true,"href":"https:\/\/agent-immobilier.re\/boutique\/wp-json\/wp\/v2\/product_cat?post=783"},{"taxonomy":"product_tag","embeddable":true,"href":"https:\/\/agent-immobilier.re\/boutique\/wp-json\/wp\/v2\/product_tag?post=783"}],"curies":[{"name":"wp","href":"https:\/\/api.w.org\/{rel}","templated":true}]}}