{"id":286,"date":"2025-03-21T07:51:51","date_gmt":"2025-03-21T06:51:51","guid":{"rendered":"https:\/\/agent-immobilier.re\/boutique\/?post_type=product&#038;p=286"},"modified":"2026-04-09T14:08:51","modified_gmt":"2026-04-09T12:08:51","slug":"tres-bon-client","status":"publish","type":"product","link":"https:\/\/agent-immobilier.re\/boutique\/produit\/tres-bon-client\/","title":{"rendered":"Tr\u00e8s Bon Client"},"content":{"rendered":"","protected":false},"excerpt":{"rendered":"<p><span style=\"color: #c00000;\"><strong>Tr\u00e8s Bon Client :<\/strong><\/span><\/p>\n<ul>\n<li>2 stylos LED +\u00a02 portes cl\u00e9s +\u00a02 bag +\u00a01 gourde m\u00e9tal avec temp\u00e9rature<\/li>\n<\/ul>\n<ul>\n<li>D\u00e9lais de livraison \u00e0 La R\u00e9union :<\/li>\n<\/ul>\n<p>&#8211; Retrait \u00e0 l&rsquo;agence : <span style=\"color: #c00000;\"><strong>1 jour ouvrable.<\/strong><\/span><\/p>\n<p>&#8211; Livraison \u00e0 domicile : <strong><span style=\"color: #c00000;\">3-4 jours<\/span> <\/strong>ouvrables environ.<\/p>\n<ul>\n<li>Ajoutez votre <strong><span style=\"color: #c00000;\">Adresse de facturation<\/span> <\/strong>lors du paiement <strong>(pour la commande et le paiement, deux fois donc)<\/strong><\/li>\n<\/ul>\n","protected":false},"featured_media":670,"template":"","meta":[],"product_brand":[],"product_cat":[37],"product_tag":[],"class_list":{"0":"post-286","1":"product","2":"type-product","3":"status-publish","4":"has-post-thumbnail","6":"product_cat-packs-goodies","8":"first","9":"instock","10":"shipping-taxable","11":"purchasable","12":"product-type-simple"},"_links":{"self":[{"href":"https:\/\/agent-immobilier.re\/boutique\/wp-json\/wp\/v2\/product\/286","targetHints":{"allow":["GET"]}}],"collection":[{"href":"https:\/\/agent-immobilier.re\/boutique\/wp-json\/wp\/v2\/product"}],"about":[{"href":"https:\/\/agent-immobilier.re\/boutique\/wp-json\/wp\/v2\/types\/product"}],"wp:featuredmedia":[{"embeddable":true,"href":"https:\/\/agent-immobilier.re\/boutique\/wp-json\/wp\/v2\/media\/670"}],"wp:attachment":[{"href":"https:\/\/agent-immobilier.re\/boutique\/wp-json\/wp\/v2\/media?parent=286"}],"wp:term":[{"taxonomy":"product_brand","embeddable":true,"href":"https:\/\/agent-immobilier.re\/boutique\/wp-json\/wp\/v2\/product_brand?post=286"},{"taxonomy":"product_cat","embeddable":true,"href":"https:\/\/agent-immobilier.re\/boutique\/wp-json\/wp\/v2\/product_cat?post=286"},{"taxonomy":"product_tag","embeddable":true,"href":"https:\/\/agent-immobilier.re\/boutique\/wp-json\/wp\/v2\/product_tag?post=286"}],"curies":[{"name":"wp","href":"https:\/\/api.w.org\/{rel}","templated":true}]}}