{"id":281,"date":"2025-03-21T07:49:36","date_gmt":"2025-03-21T06:49:36","guid":{"rendered":"https:\/\/agent-immobilier.re\/boutique\/?post_type=product&#038;p=281"},"modified":"2026-04-09T14:10:46","modified_gmt":"2026-04-09T12:10:46","slug":"pack-location-si-bien-loue","status":"publish","type":"product","link":"https:\/\/agent-immobilier.re\/boutique\/produit\/pack-location-si-bien-loue\/","title":{"rendered":"Pack Location (si bien lou\u00e9)"},"content":{"rendered":"","protected":false},"excerpt":{"rendered":"<p><strong><span style=\"color: #c00000;\">Pack Location<\/span>\u00a0<\/strong> :<\/p>\n<ul>\n<li>Vid\u00e9o prise avec t\u00e9l\u00e9phone\u00a0 + Visite virtuelle + Photos + Boost Facebook<\/li>\n<li>Le service Vid\u00e9o vous contactera pour <span style=\"color: #c00000;\"><strong>fixer un RDV <\/strong><span style=\"color: #000000;\">dans les plus bref d\u00e9lais.<\/span><\/span><\/li>\n<li>Ajoutez votre <strong><span style=\"color: #c00000;\">Adresse de facturation<\/span> <\/strong>lors du paiement <strong>(pour la commande et le paiement, deux fois donc)<\/strong><\/li>\n<\/ul>\n","protected":false},"featured_media":657,"template":"","meta":[],"product_brand":[],"product_cat":[36],"product_tag":[],"class_list":{"0":"post-281","1":"product","2":"type-product","3":"status-publish","4":"has-post-thumbnail","6":"product_cat-packs-video","8":"first","9":"instock","10":"virtual","11":"purchasable","12":"product-type-simple"},"_links":{"self":[{"href":"https:\/\/agent-immobilier.re\/boutique\/wp-json\/wp\/v2\/product\/281","targetHints":{"allow":["GET"]}}],"collection":[{"href":"https:\/\/agent-immobilier.re\/boutique\/wp-json\/wp\/v2\/product"}],"about":[{"href":"https:\/\/agent-immobilier.re\/boutique\/wp-json\/wp\/v2\/types\/product"}],"wp:featuredmedia":[{"embeddable":true,"href":"https:\/\/agent-immobilier.re\/boutique\/wp-json\/wp\/v2\/media\/657"}],"wp:attachment":[{"href":"https:\/\/agent-immobilier.re\/boutique\/wp-json\/wp\/v2\/media?parent=281"}],"wp:term":[{"taxonomy":"product_brand","embeddable":true,"href":"https:\/\/agent-immobilier.re\/boutique\/wp-json\/wp\/v2\/product_brand?post=281"},{"taxonomy":"product_cat","embeddable":true,"href":"https:\/\/agent-immobilier.re\/boutique\/wp-json\/wp\/v2\/product_cat?post=281"},{"taxonomy":"product_tag","embeddable":true,"href":"https:\/\/agent-immobilier.re\/boutique\/wp-json\/wp\/v2\/product_tag?post=281"}],"curies":[{"name":"wp","href":"https:\/\/api.w.org\/{rel}","templated":true}]}}