{"id":271,"date":"2025-03-21T07:37:44","date_gmt":"2025-03-21T06:37:44","guid":{"rendered":"https:\/\/agent-immobilier.re\/boutique\/?post_type=product&#038;p=271"},"modified":"2026-04-10T12:47:50","modified_gmt":"2026-04-10T10:47:50","slug":"250-cartes-500-flyers","status":"publish","type":"product","link":"https:\/\/agent-immobilier.re\/boutique\/produit\/250-cartes-500-flyers\/","title":{"rendered":"250 cartes + 500 flyers"},"content":{"rendered":"","protected":false},"excerpt":{"rendered":"<p><strong><span style=\"color: #c00000;\">250 cartes de visite + 500 flyers A6<\/span>\u00a0recto verso<\/strong><\/p>\n<ul>\n<li>Le prix inclus les frais de port mais pas <span style=\"color: #c00000;\"><strong>l&rsquo;octroi de mer <\/strong><span style=\"color: #000000;\">(\u00e0 r\u00e9gler \u00e0 la livraison)<\/span><\/span><\/li>\n<\/ul>\n<ul>\n<li>D\u00e9lais de livraison \u00e0 domicile pour La R\u00e9union : <strong><span style=\"color: #c00000;\">3 semaines environ<\/span><\/strong><\/li>\n<li>Ajoutez votre <strong><span style=\"color: #c00000;\">Adresse de facturation<\/span> <\/strong>lors du paiement (pour la commande et le paiement, deux fois donc)<\/li>\n<\/ul>\n","protected":false},"featured_media":654,"template":"","meta":[],"product_brand":[],"product_cat":[33],"product_tag":[],"class_list":{"0":"post-271","1":"product","2":"type-product","3":"status-publish","4":"has-post-thumbnail","6":"product_cat-cartes-et-flyers-vistaprint-974","8":"first","9":"instock","10":"shipping-taxable","11":"purchasable","12":"product-type-simple"},"_links":{"self":[{"href":"https:\/\/agent-immobilier.re\/boutique\/wp-json\/wp\/v2\/product\/271","targetHints":{"allow":["GET"]}}],"collection":[{"href":"https:\/\/agent-immobilier.re\/boutique\/wp-json\/wp\/v2\/product"}],"about":[{"href":"https:\/\/agent-immobilier.re\/boutique\/wp-json\/wp\/v2\/types\/product"}],"wp:featuredmedia":[{"embeddable":true,"href":"https:\/\/agent-immobilier.re\/boutique\/wp-json\/wp\/v2\/media\/654"}],"wp:attachment":[{"href":"https:\/\/agent-immobilier.re\/boutique\/wp-json\/wp\/v2\/media?parent=271"}],"wp:term":[{"taxonomy":"product_brand","embeddable":true,"href":"https:\/\/agent-immobilier.re\/boutique\/wp-json\/wp\/v2\/product_brand?post=271"},{"taxonomy":"product_cat","embeddable":true,"href":"https:\/\/agent-immobilier.re\/boutique\/wp-json\/wp\/v2\/product_cat?post=271"},{"taxonomy":"product_tag","embeddable":true,"href":"https:\/\/agent-immobilier.re\/boutique\/wp-json\/wp\/v2\/product_tag?post=271"}],"curies":[{"name":"wp","href":"https:\/\/api.w.org\/{rel}","templated":true}]}}