{"id":126,"date":"2025-03-20T07:06:01","date_gmt":"2025-03-20T06:06:01","guid":{"rendered":"https:\/\/agent-immobilier.re\/boutique\/?post_type=product&#038;p=126"},"modified":"2026-04-09T14:22:16","modified_gmt":"2026-04-09T12:22:16","slug":"video-boostee-sur-facebook-2-semaines","status":"publish","type":"product","link":"https:\/\/agent-immobilier.re\/boutique\/produit\/video-boostee-sur-facebook-2-semaines\/","title":{"rendered":"Vid\u00e9o boost\u00e9e &#8211; 2 Semaines"},"content":{"rendered":"","protected":false},"excerpt":{"rendered":"<p>Boost d&rsquo;une vid\u00e9o pendant <span style=\"color: #c00000;\"><strong>2 semaines <\/strong><\/span>sur Facebook.<\/p>\n<ul>\n<li>Pr\u00e9cisez le <strong><span style=\"color: #c00000;\">N\u00b0 de mandat <\/span><\/strong>dans les <strong>Notes<\/strong> lors de la commande <strong>(important)<\/strong><\/li>\n<li>Ajoutez votre <strong><span style=\"color: #c00000;\">Adresse de facturation<\/span> <\/strong>lors du paiement <strong>(pour la commande et le paiement, deux fois donc)<\/strong><\/li>\n<\/ul>\n","protected":false},"featured_media":612,"template":"","meta":[],"product_brand":[],"product_cat":[34],"product_tag":[],"class_list":{"0":"post-126","1":"product","2":"type-product","3":"status-publish","4":"has-post-thumbnail","6":"product_cat-boost-facebook","8":"first","9":"instock","10":"virtual","11":"purchasable","12":"product-type-simple"},"_links":{"self":[{"href":"https:\/\/agent-immobilier.re\/boutique\/wp-json\/wp\/v2\/product\/126","targetHints":{"allow":["GET"]}}],"collection":[{"href":"https:\/\/agent-immobilier.re\/boutique\/wp-json\/wp\/v2\/product"}],"about":[{"href":"https:\/\/agent-immobilier.re\/boutique\/wp-json\/wp\/v2\/types\/product"}],"wp:featuredmedia":[{"embeddable":true,"href":"https:\/\/agent-immobilier.re\/boutique\/wp-json\/wp\/v2\/media\/612"}],"wp:attachment":[{"href":"https:\/\/agent-immobilier.re\/boutique\/wp-json\/wp\/v2\/media?parent=126"}],"wp:term":[{"taxonomy":"product_brand","embeddable":true,"href":"https:\/\/agent-immobilier.re\/boutique\/wp-json\/wp\/v2\/product_brand?post=126"},{"taxonomy":"product_cat","embeddable":true,"href":"https:\/\/agent-immobilier.re\/boutique\/wp-json\/wp\/v2\/product_cat?post=126"},{"taxonomy":"product_tag","embeddable":true,"href":"https:\/\/agent-immobilier.re\/boutique\/wp-json\/wp\/v2\/product_tag?post=126"}],"curies":[{"name":"wp","href":"https:\/\/api.w.org\/{rel}","templated":true}]}}