{"id":125,"date":"2025-03-20T07:05:26","date_gmt":"2025-03-20T06:05:26","guid":{"rendered":"https:\/\/agent-immobilier.re\/boutique\/?post_type=product&#038;p=125"},"modified":"2025-09-04T09:07:52","modified_gmt":"2025-09-04T07:07:52","slug":"video-boostee-sur-facebook-1-semaine","status":"publish","type":"product","link":"https:\/\/agent-immobilier.re\/boutique\/produit\/video-boostee-sur-facebook-1-semaine\/","title":{"rendered":"Vid\u00e9o boost\u00e9e &#8211; 1 Semaine"},"content":{"rendered":"","protected":false},"excerpt":{"rendered":"<p>Boost d&rsquo;une vid\u00e9o pendant <strong>\u00a0<span style=\"color: #c00000;\">1 semaine <\/span><\/strong>sur Facebook.<\/p>\n<ul>\n<li>Pr\u00e9cisez le <strong><span style=\"color: #c00000;\">N\u00b0 de mandat <\/span><\/strong>dans les <strong>Notes<\/strong> lors de la commande <strong>(important)<\/strong><\/li>\n<li>Ajoutez votre <strong><span style=\"color: #c00000;\">Adresse de facturation<\/span> <\/strong>lors du paiement <strong>(pour la commande et le paiement, deux fois donc)<\/strong><\/li>\n<\/ul>\n","protected":false},"featured_media":613,"template":"","meta":[],"product_brand":[],"product_cat":[34],"product_tag":[],"class_list":{"0":"post-125","1":"product","2":"type-product","3":"status-publish","4":"has-post-thumbnail","6":"product_cat-boost-facebook","8":"first","9":"instock","10":"virtual","11":"purchasable","12":"product-type-simple"},"_links":{"self":[{"href":"https:\/\/agent-immobilier.re\/boutique\/wp-json\/wp\/v2\/product\/125","targetHints":{"allow":["GET"]}}],"collection":[{"href":"https:\/\/agent-immobilier.re\/boutique\/wp-json\/wp\/v2\/product"}],"about":[{"href":"https:\/\/agent-immobilier.re\/boutique\/wp-json\/wp\/v2\/types\/product"}],"wp:featuredmedia":[{"embeddable":true,"href":"https:\/\/agent-immobilier.re\/boutique\/wp-json\/wp\/v2\/media\/613"}],"wp:attachment":[{"href":"https:\/\/agent-immobilier.re\/boutique\/wp-json\/wp\/v2\/media?parent=125"}],"wp:term":[{"taxonomy":"product_brand","embeddable":true,"href":"https:\/\/agent-immobilier.re\/boutique\/wp-json\/wp\/v2\/product_brand?post=125"},{"taxonomy":"product_cat","embeddable":true,"href":"https:\/\/agent-immobilier.re\/boutique\/wp-json\/wp\/v2\/product_cat?post=125"},{"taxonomy":"product_tag","embeddable":true,"href":"https:\/\/agent-immobilier.re\/boutique\/wp-json\/wp\/v2\/product_tag?post=125"}],"curies":[{"name":"wp","href":"https:\/\/api.w.org\/{rel}","templated":true}]}}