{"id":123,"date":"2025-03-20T06:52:35","date_gmt":"2025-03-20T05:52:35","guid":{"rendered":"https:\/\/agent-immobilier.re\/boutique\/?post_type=product&#038;p=123"},"modified":"2026-04-09T14:36:31","modified_gmt":"2026-04-09T12:36:31","slug":"flocage-vehicule-vitre-arriere","status":"publish","type":"product","link":"https:\/\/agent-immobilier.re\/boutique\/produit\/flocage-vehicule-vitre-arriere\/","title":{"rendered":"Flocage v\u00e9hicule vitre arri\u00e8re"},"content":{"rendered":"","protected":false},"excerpt":{"rendered":"<p><strong>Flocage v\u00e9hicule vitre arri\u00e8re <\/strong>(micro perfor\u00e9 et stickers)<\/p>\n<ul>\n<li><span style=\"color: #000000;\">Pr\u00e9cisez le<span style=\"color: #c00000;\"> <strong>mod\u00e8le exact<\/strong><\/span> de votre v\u00e9hicule et la <strong><span style=\"color: #c00000;\">couleur<\/span><\/strong>\u00a0dans les<strong> Notes<\/strong> lors de la commande <strong>(important)<\/strong><\/span><\/li>\n<li><span style=\"color: #000000;\">D\u00e9lais de r\u00e9alisation chez le prestataire qui est \u00e0 Petite \u00cele : <span style=\"color: #c00000;\"><strong>10 jours ouvrables environ<\/strong><\/span><\/span><\/li>\n<li><span style=\"color: #000000;\">Ajoutez votre <span style=\"color: #c00000;\"><strong>Adresse de facturation <\/strong><\/span>lors du paiement <strong>(pour la commande et la facturation, deux fois donc)<\/strong><\/span><\/li>\n<\/ul>\n","protected":false},"featured_media":650,"template":"","meta":[],"product_brand":[],"product_cat":[39],"product_tag":[],"class_list":{"0":"post-123","1":"product","2":"type-product","3":"status-publish","4":"has-post-thumbnail","6":"product_cat-flocage-vehicule","8":"first","9":"instock","10":"virtual","11":"purchasable","12":"product-type-simple"},"_links":{"self":[{"href":"https:\/\/agent-immobilier.re\/boutique\/wp-json\/wp\/v2\/product\/123","targetHints":{"allow":["GET"]}}],"collection":[{"href":"https:\/\/agent-immobilier.re\/boutique\/wp-json\/wp\/v2\/product"}],"about":[{"href":"https:\/\/agent-immobilier.re\/boutique\/wp-json\/wp\/v2\/types\/product"}],"wp:featuredmedia":[{"embeddable":true,"href":"https:\/\/agent-immobilier.re\/boutique\/wp-json\/wp\/v2\/media\/650"}],"wp:attachment":[{"href":"https:\/\/agent-immobilier.re\/boutique\/wp-json\/wp\/v2\/media?parent=123"}],"wp:term":[{"taxonomy":"product_brand","embeddable":true,"href":"https:\/\/agent-immobilier.re\/boutique\/wp-json\/wp\/v2\/product_brand?post=123"},{"taxonomy":"product_cat","embeddable":true,"href":"https:\/\/agent-immobilier.re\/boutique\/wp-json\/wp\/v2\/product_cat?post=123"},{"taxonomy":"product_tag","embeddable":true,"href":"https:\/\/agent-immobilier.re\/boutique\/wp-json\/wp\/v2\/product_tag?post=123"}],"curies":[{"name":"wp","href":"https:\/\/api.w.org\/{rel}","templated":true}]}}