{"id":121,"date":"2025-03-20T06:47:29","date_gmt":"2025-03-20T05:47:29","guid":{"rendered":"https:\/\/agent-immobilier.re\/boutique\/?post_type=product&#038;p=121"},"modified":"2026-04-13T15:23:07","modified_gmt":"2026-04-13T13:23:07","slug":"bache-5-x-08-m","status":"publish","type":"product","link":"https:\/\/agent-immobilier.re\/boutique\/produit\/bache-5-x-08-m\/","title":{"rendered":"B\u00e2che 5 x 0,8 m"},"content":{"rendered":"","protected":false},"excerpt":{"rendered":"<p><strong>B\u00e2che 5 m x 0,8 m avec \u0153illets<\/strong><\/p>\n<ul>\n<li>Retrait \u00e0 l&rsquo;Agence :<strong><span style=\"color: #c00000;\">\u00a0 5-7 jours ouvrables environ<\/span><\/strong><\/li>\n<li>Pr\u00e9cisez le <span style=\"color: #c00000;\"><strong>Texte<\/strong><\/span> (Recherche bien \u00e0 vendre&#8230;) dans les <strong>Notes<\/strong> lors de la commande<\/li>\n<li>Ajoutez votre <strong><span style=\"color: #c00000;\">Adresse de facturation<\/span> <\/strong>lors du paiement<\/li>\n<\/ul>\n","protected":false},"featured_media":645,"template":"","meta":[],"product_brand":[],"product_cat":[38],"product_tag":[],"class_list":{"0":"post-121","1":"product","2":"type-product","3":"status-publish","4":"has-post-thumbnail","6":"product_cat-baches-services","8":"first","9":"instock","10":"virtual","11":"purchasable","12":"product-type-simple"},"_links":{"self":[{"href":"https:\/\/agent-immobilier.re\/boutique\/wp-json\/wp\/v2\/product\/121","targetHints":{"allow":["GET"]}}],"collection":[{"href":"https:\/\/agent-immobilier.re\/boutique\/wp-json\/wp\/v2\/product"}],"about":[{"href":"https:\/\/agent-immobilier.re\/boutique\/wp-json\/wp\/v2\/types\/product"}],"wp:featuredmedia":[{"embeddable":true,"href":"https:\/\/agent-immobilier.re\/boutique\/wp-json\/wp\/v2\/media\/645"}],"wp:attachment":[{"href":"https:\/\/agent-immobilier.re\/boutique\/wp-json\/wp\/v2\/media?parent=121"}],"wp:term":[{"taxonomy":"product_brand","embeddable":true,"href":"https:\/\/agent-immobilier.re\/boutique\/wp-json\/wp\/v2\/product_brand?post=121"},{"taxonomy":"product_cat","embeddable":true,"href":"https:\/\/agent-immobilier.re\/boutique\/wp-json\/wp\/v2\/product_cat?post=121"},{"taxonomy":"product_tag","embeddable":true,"href":"https:\/\/agent-immobilier.re\/boutique\/wp-json\/wp\/v2\/product_tag?post=121"}],"curies":[{"name":"wp","href":"https:\/\/api.w.org\/{rel}","templated":true}]}}